{"id":7,"date":"2023-10-22T10:56:04","date_gmt":"2023-10-22T09:56:04","guid":{"rendered":"https:\/\/udraznianiekamerowanie.pl\/?page_id=7"},"modified":"2024-08-11T12:22:21","modified_gmt":"2024-08-11T10:22:21","slug":"main","status":"publish","type":"page","link":"https:\/\/udraznianiekamerowanie.pl\/","title":{"rendered":"Main"},"content":{"rendered":"\t\t<div data-elementor-type=\"wp-page\" data-elementor-id=\"7\" class=\"elementor elementor-7\" data-elementor-post-type=\"page\">\n\t\t\t\t<div class=\"elementor-element elementor-element-19347f2 e-con-full e-flex e-con e-parent\" data-id=\"19347f2\" data-element_type=\"container\">\n\t\t\t\t<div class=\"elementor-element elementor-element-2ab5510 elementor-widget elementor-widget-image\" data-id=\"2ab5510\" data-element_type=\"widget\" data-widget_type=\"image.default\">\n\t\t\t\t<div class=\"elementor-widget-container\">\n\t\t\t\t\t\t\t\t\t\t\t\t\t\t\t<img fetchpriority=\"high\" decoding=\"async\" width=\"1920\" height=\"339\" src=\"https:\/\/udraznianiekamerowanie.pl\/wp-content\/uploads\/2023\/10\/main-img.jpg\" class=\"attachment-full size-full wp-image-12\" alt=\"\" srcset=\"https:\/\/udraznianiekamerowanie.pl\/wp-content\/uploads\/2023\/10\/main-img.jpg 1920w, https:\/\/udraznianiekamerowanie.pl\/wp-content\/uploads\/2023\/10\/main-img-300x53.jpg 300w, https:\/\/udraznianiekamerowanie.pl\/wp-content\/uploads\/2023\/10\/main-img-1024x181.jpg 1024w, https:\/\/udraznianiekamerowanie.pl\/wp-content\/uploads\/2023\/10\/main-img-768x136.jpg 768w, https:\/\/udraznianiekamerowanie.pl\/wp-content\/uploads\/2023\/10\/main-img-1536x271.jpg 1536w\" sizes=\"(max-width: 1920px) 100vw, 1920px\" \/>\t\t\t\t\t\t\t\t\t\t\t<style id=\"core-2ab5510-core-block-supports-inline-css\"><\/style>\t\t\t\t<\/div>\n\t\t\t\t<\/div>\n\t\t\t\t<\/div>\n\t\t<div class=\"elementor-element elementor-element-6848207 e-con-full e-flex e-con e-parent\" data-id=\"6848207\" data-element_type=\"container\" data-settings=\"{&quot;background_background&quot;:&quot;classic&quot;}\">\n\t\t<div class=\"elementor-element elementor-element-0fdf684 e-flex e-con-boxed e-con e-child\" data-id=\"0fdf684\" data-element_type=\"container\">\n\t\t\t\t\t<div class=\"e-con-inner\">\n\t\t<div class=\"elementor-element elementor-element-4d34612 e-con-full e-flex e-con e-child\" data-id=\"4d34612\" data-element_type=\"container\">\n\t\t\t\t<div class=\"elementor-element elementor-element-b2fc493 elementor-widget elementor-widget-heading\" data-id=\"b2fc493\" data-element_type=\"widget\" data-widget_type=\"heading.default\">\n\t\t\t\t<div class=\"elementor-widget-container\">\n\t\t\t\t\t<h4 class=\"elementor-heading-title elementor-size-default\">Pracujemy 24 godz.\/dob\u0119 i 7 dni w tygodniu!<\/h4><style id=\"core-b2fc493-core-block-supports-inline-css\"><\/style>\t\t\t\t<\/div>\n\t\t\t\t<\/div>\n\t\t\t\t<div class=\"elementor-element elementor-element-153698a elementor-widget elementor-widget-heading\" data-id=\"153698a\" data-element_type=\"widget\" data-widget_type=\"heading.default\">\n\t\t\t\t<div class=\"elementor-widget-container\">\n\t\t\t\t\t<h3 class=\"elementor-heading-title elementor-size-default\">GWARANTUJEMY NATYCHMIASTOW\u0104 POMOC!<\/h3><style id=\"core-153698a-core-block-supports-inline-css\"><\/style>\t\t\t\t<\/div>\n\t\t\t\t<\/div>\n\t\t\t\t<\/div>\n\t\t<div class=\"elementor-element elementor-element-6ac46cb e-con-full e-flex e-con e-child\" data-id=\"6ac46cb\" data-element_type=\"container\">\n\t\t\t\t<div class=\"elementor-element elementor-element-f01857d elementor-hidden-mobile elementor-view-default elementor-widget elementor-widget-icon\" data-id=\"f01857d\" data-element_type=\"widget\" data-widget_type=\"icon.default\">\n\t\t\t\t<div class=\"elementor-widget-container\">\n\t\t\t\t\t\t\t<div class=\"elementor-icon-wrapper\">\n\t\t\t<div class=\"elementor-icon\">\n\t\t\t<i aria-hidden=\"true\" class=\"fas fa-phone-alt\"><\/i>\t\t\t<\/div>\n\t\t<\/div>\n\t\t<style id=\"core-f01857d-core-block-supports-inline-css\"><\/style>\t\t\t\t<\/div>\n\t\t\t\t<\/div>\n\t\t\t\t<div class=\"elementor-element elementor-element-11bff4a elementor-widget elementor-widget-heading\" data-id=\"11bff4a\" data-element_type=\"widget\" data-widget_type=\"heading.default\">\n\t\t\t\t<div class=\"elementor-widget-container\">\n\t\t\t\t\t<h2 class=\"elementor-heading-title elementor-size-default\">+48 660 787 871<\/h2><style id=\"core-11bff4a-core-block-supports-inline-css\"><\/style>\t\t\t\t<\/div>\n\t\t\t\t<\/div>\n\t\t\t\t<\/div>\n\t\t\t\t\t<\/div>\n\t\t\t\t<\/div>\n\t\t\t\t<\/div>\n\t\t<div class=\"elementor-element elementor-element-e2415ba e-flex e-con-boxed e-con e-parent\" data-id=\"e2415ba\" data-element_type=\"container\">\n\t\t\t\t\t<div class=\"e-con-inner\">\n\t\t<div class=\"elementor-element elementor-element-68d229d e-con-full e-flex e-con e-child\" data-id=\"68d229d\" data-element_type=\"container\">\n\t\t\t\t<div class=\"elementor-element elementor-element-8ff8b22 elementor-widget elementor-widget-heading\" data-id=\"8ff8b22\" data-element_type=\"widget\" data-widget_type=\"heading.default\">\n\t\t\t\t<div class=\"elementor-widget-container\">\n\t\t\t\t\t<h1 class=\"elementor-heading-title elementor-size-default\">OFERTA<\/h1><style id=\"core-8ff8b22-core-block-supports-inline-css\"><\/style>\t\t\t\t<\/div>\n\t\t\t\t<\/div>\n\t\t\t\t<div class=\"elementor-element elementor-element-bb0c98f elementor-widget__width-initial elementor-widget-mobile__width-inherit elementor-widget elementor-widget-image\" data-id=\"bb0c98f\" data-element_type=\"widget\" data-widget_type=\"image.default\">\n\t\t\t\t<div class=\"elementor-widget-container\">\n\t\t\t\t\t\t\t\t\t\t\t\t\t\t\t<img decoding=\"async\" width=\"1049\" height=\"105\" src=\"https:\/\/udraznianiekamerowanie.pl\/wp-content\/uploads\/2023\/10\/wuko-img-1.png\" class=\"attachment-full size-full wp-image-20\" alt=\"\" srcset=\"https:\/\/udraznianiekamerowanie.pl\/wp-content\/uploads\/2023\/10\/wuko-img-1.png 1049w, https:\/\/udraznianiekamerowanie.pl\/wp-content\/uploads\/2023\/10\/wuko-img-1-300x30.png 300w, https:\/\/udraznianiekamerowanie.pl\/wp-content\/uploads\/2023\/10\/wuko-img-1-1024x102.png 1024w, https:\/\/udraznianiekamerowanie.pl\/wp-content\/uploads\/2023\/10\/wuko-img-1-768x77.png 768w\" sizes=\"(max-width: 1049px) 100vw, 1049px\" \/>\t\t\t\t\t\t\t\t\t\t\t<style id=\"core-bb0c98f-core-block-supports-inline-css\"><\/style>\t\t\t\t<\/div>\n\t\t\t\t<\/div>\n\t\t\t\t<div class=\"elementor-element elementor-element-cc5795b elementor-widget elementor-widget-text-editor\" data-id=\"cc5795b\" data-element_type=\"widget\" data-widget_type=\"text-editor.default\">\n\t\t\t\t<div class=\"elementor-widget-container\">\n\t\t\t\t\t\t\t\t\t<p><span style=\"font-weight: 400;\">Przepychamy i oczyszczamy instalacje odp\u0142ywowe i kanalizacyjne urz\u0105dzeniem WUKO metod\u0105 hydrodynamiczn\u0105 i mechanicznie spr\u0119\u017cynami z zastosowaniem specjalistycznych ko\u0144c\u00f3wek (posiadamy specjalne ko\u0144c\u00f3wki i nasadki, kt\u00f3re dok\u0142adnie czyszcz\u0105 rury po ich \u015bciankach).<\/span><\/p>\t\t\t\t<style id=\"core-cc5795b-core-block-supports-inline-css\"><\/style>\t\t\t\t<\/div>\n\t\t\t\t<\/div>\n\t\t\t\t<\/div>\n\t\t<div class=\"elementor-element elementor-element-8a26804 e-con-full e-flex e-con e-child\" data-id=\"8a26804\" data-element_type=\"container\">\n\t\t\t\t<div class=\"elementor-element elementor-element-f9cbbe2 elementor-position-top elementor-widget elementor-widget-image-box\" data-id=\"f9cbbe2\" data-element_type=\"widget\" data-widget_type=\"image-box.default\">\n\t\t\t\t<div class=\"elementor-widget-container\">\n\t\t\t\t\t<div class=\"elementor-image-box-wrapper\"><figure class=\"elementor-image-box-img\"><img decoding=\"async\" width=\"150\" height=\"150\" src=\"https:\/\/udraznianiekamerowanie.pl\/wp-content\/uploads\/2023\/10\/wuko-img-2-150x150.png\" class=\"attachment-thumbnail size-thumbnail wp-image-28\" alt=\"\" srcset=\"https:\/\/udraznianiekamerowanie.pl\/wp-content\/uploads\/2023\/10\/wuko-img-2-150x150.png 150w, https:\/\/udraznianiekamerowanie.pl\/wp-content\/uploads\/2023\/10\/wuko-img-2-300x300.png 300w, https:\/\/udraznianiekamerowanie.pl\/wp-content\/uploads\/2023\/10\/wuko-img-2.png 604w\" sizes=\"(max-width: 150px) 100vw, 150px\" \/><\/figure><div class=\"elementor-image-box-content\"><h5 class=\"elementor-image-box-title\">INSTALACJE ODP\u0141YWOWE I KANALIZACYJNE<\/h5><p class=\"elementor-image-box-description\">Przepychamy i oczyszczamy instalacje odp\u0142ywowe i kanalizacyjne urz\u0105dzeniem WUKO metod\u0105 hydrodynamiczn\u0105 i mechanicznie spr\u0119\u017cynami<\/p><\/div><\/div><style id=\"core-f9cbbe2-core-block-supports-inline-css\"><\/style>\t\t\t\t<\/div>\n\t\t\t\t<\/div>\n\t\t\t\t<div class=\"elementor-element elementor-element-bbf1f67 elementor-position-top elementor-widget elementor-widget-image-box\" data-id=\"bbf1f67\" data-element_type=\"widget\" data-widget_type=\"image-box.default\">\n\t\t\t\t<div class=\"elementor-widget-container\">\n\t\t\t\t\t<div class=\"elementor-image-box-wrapper\"><figure class=\"elementor-image-box-img\"><img loading=\"lazy\" decoding=\"async\" width=\"150\" height=\"150\" src=\"https:\/\/udraznianiekamerowanie.pl\/wp-content\/uploads\/2023\/10\/wuko-img-5-1-150x150.png\" class=\"attachment-thumbnail size-thumbnail wp-image-44\" alt=\"\" srcset=\"https:\/\/udraznianiekamerowanie.pl\/wp-content\/uploads\/2023\/10\/wuko-img-5-1-150x150.png 150w, https:\/\/udraznianiekamerowanie.pl\/wp-content\/uploads\/2023\/10\/wuko-img-5-1-300x300.png 300w, https:\/\/udraznianiekamerowanie.pl\/wp-content\/uploads\/2023\/10\/wuko-img-5-1.png 604w\" sizes=\"(max-width: 150px) 100vw, 150px\" \/><\/figure><div class=\"elementor-image-box-content\"><h5 class=\"elementor-image-box-title\">OCZYSZCZANIE ODP\u0141YW\u00d3W<\/h5><p class=\"elementor-image-box-description\">Czy\u015bcimy odp\u0142ywy toalet, zlew\u00f3w kuchennych, umywalek, brodzik\u00f3w, wanien, pisuar\u00f3w, rynien, pion\u00f3w i poziom\u00f3w kanalizacyjnych, studzienek, kratek spustowych<\/p><\/div><\/div><style id=\"core-bbf1f67-core-block-supports-inline-css\"><\/style>\t\t\t\t<\/div>\n\t\t\t\t<\/div>\n\t\t\t\t<div class=\"elementor-element elementor-element-51568fb elementor-position-top elementor-widget elementor-widget-image-box\" data-id=\"51568fb\" data-element_type=\"widget\" data-widget_type=\"image-box.default\">\n\t\t\t\t<div class=\"elementor-widget-container\">\n\t\t\t\t\t<div class=\"elementor-image-box-wrapper\"><figure class=\"elementor-image-box-img\"><img loading=\"lazy\" decoding=\"async\" width=\"150\" height=\"150\" src=\"https:\/\/udraznianiekamerowanie.pl\/wp-content\/uploads\/2023\/10\/wuko-img-4-150x150.png\" class=\"attachment-thumbnail size-thumbnail wp-image-30\" alt=\"\" srcset=\"https:\/\/udraznianiekamerowanie.pl\/wp-content\/uploads\/2023\/10\/wuko-img-4-150x150.png 150w, https:\/\/udraznianiekamerowanie.pl\/wp-content\/uploads\/2023\/10\/wuko-img-4-300x300.png 300w, https:\/\/udraznianiekamerowanie.pl\/wp-content\/uploads\/2023\/10\/wuko-img-4.png 604w\" sizes=\"(max-width: 150px) 100vw, 150px\" \/><\/figure><div class=\"elementor-image-box-content\"><h5 class=\"elementor-image-box-title\">FILMUJEMY<\/h5><p class=\"elementor-image-box-description\">Wykonujemy wewn\u0119trzny przegl\u0105d instalacji specjaln\u0105 kamer\u0105 z mo\u017cliwo\u015bci\u0105 zapisu obrazu. Dokonujemy diagnozy problem\u00f3w niedro\u017cno\u015bci.<\/p><\/div><\/div><style id=\"core-51568fb-core-block-supports-inline-css\"><\/style>\t\t\t\t<\/div>\n\t\t\t\t<\/div>\n\t\t\t\t<div class=\"elementor-element elementor-element-3134d17 elementor-position-top elementor-widget elementor-widget-image-box\" data-id=\"3134d17\" data-element_type=\"widget\" data-widget_type=\"image-box.default\">\n\t\t\t\t<div class=\"elementor-widget-container\">\n\t\t\t\t\t<div class=\"elementor-image-box-wrapper\"><figure class=\"elementor-image-box-img\"><img loading=\"lazy\" decoding=\"async\" width=\"150\" height=\"150\" src=\"https:\/\/udraznianiekamerowanie.pl\/wp-content\/uploads\/2023\/10\/wuko-img-3-150x150.png\" class=\"attachment-thumbnail size-thumbnail wp-image-29\" alt=\"\" srcset=\"https:\/\/udraznianiekamerowanie.pl\/wp-content\/uploads\/2023\/10\/wuko-img-3-150x150.png 150w, https:\/\/udraznianiekamerowanie.pl\/wp-content\/uploads\/2023\/10\/wuko-img-3-300x300.png 300w, https:\/\/udraznianiekamerowanie.pl\/wp-content\/uploads\/2023\/10\/wuko-img-3.png 604w\" sizes=\"(max-width: 150px) 100vw, 150px\" \/><\/figure><div class=\"elementor-image-box-content\"><h5 class=\"elementor-image-box-title\">OCZYSZCZANIE INSTALACJI GRZEWCZYCH<\/h5><p class=\"elementor-image-box-description\">Wykonujemy oczyszczanie instalacji grzewczych (kaloryfer\u00f3w, ogrzewanie pod\u0142ogowe, piony i poziomy instalacji, itp) metod\u0105 hydrodynamiczn\u0105.<\/p><\/div><\/div><style id=\"core-3134d17-core-block-supports-inline-css\"><\/style>\t\t\t\t<\/div>\n\t\t\t\t<\/div>\n\t\t\t\t<\/div>\n\t\t<div class=\"elementor-element elementor-element-0f59e8a e-con-full e-flex e-con e-child\" data-id=\"0f59e8a\" data-element_type=\"container\">\n\t\t\t\t<div class=\"elementor-element elementor-element-90280f8 elementor-align-justify elementor-widget__width-initial elementor-widget elementor-widget-button\" data-id=\"90280f8\" data-element_type=\"widget\" data-widget_type=\"button.default\">\n\t\t\t\t<div class=\"elementor-widget-container\">\n\t\t\t\t\t\t\t\t\t<div class=\"elementor-button-wrapper\">\n\t\t\t\t\t<a class=\"elementor-button elementor-button-link elementor-size-sm\" href=\"#\">\n\t\t\t\t\t\t<span class=\"elementor-button-content-wrapper\">\n\t\t\t\t\t\t\t\t\t<span class=\"elementor-button-text\">PE\u0141NA OFERTA<\/span>\n\t\t\t\t\t<\/span>\n\t\t\t\t\t<\/a>\n\t\t\t\t<\/div>\n\t\t\t\t<style id=\"core-90280f8-core-block-supports-inline-css\"><\/style>\t\t\t\t<\/div>\n\t\t\t\t<\/div>\n\t\t\t\t<\/div>\n\t\t\t\t\t<\/div>\n\t\t\t\t<\/div>\n\t\t<div class=\"elementor-element elementor-element-4499747 e-con-full e-flex e-con e-parent\" data-id=\"4499747\" data-element_type=\"container\" data-settings=\"{&quot;background_background&quot;:&quot;classic&quot;}\">\n\t\t<div class=\"elementor-element elementor-element-aeacfba e-flex e-con-boxed e-con e-child\" data-id=\"aeacfba\" data-element_type=\"container\">\n\t\t\t\t\t<div class=\"e-con-inner\">\n\t\t\t\t<div class=\"elementor-element elementor-element-28ee0c0 elementor-widget elementor-widget-heading\" data-id=\"28ee0c0\" data-element_type=\"widget\" data-widget_type=\"heading.default\">\n\t\t\t\t<div class=\"elementor-widget-container\">\n\t\t\t\t\t<h1 class=\"elementor-heading-title elementor-size-default\">ZASI\u0118G DZIA\u0141ANIA<\/h1><style id=\"core-28ee0c0-core-block-supports-inline-css\"><\/style>\t\t\t\t<\/div>\n\t\t\t\t<\/div>\n\t\t\t\t<div class=\"elementor-element elementor-element-4509f98 elementor-widget__width-initial elementor-widget-mobile__width-inherit elementor-widget elementor-widget-image\" data-id=\"4509f98\" data-element_type=\"widget\" data-widget_type=\"image.default\">\n\t\t\t\t<div class=\"elementor-widget-container\">\n\t\t\t\t\t\t\t\t\t\t\t\t\t\t\t<img loading=\"lazy\" decoding=\"async\" width=\"1049\" height=\"105\" src=\"https:\/\/udraznianiekamerowanie.pl\/wp-content\/uploads\/2023\/10\/wuko-img-6.png\" class=\"attachment-full size-full wp-image-57\" alt=\"\" srcset=\"https:\/\/udraznianiekamerowanie.pl\/wp-content\/uploads\/2023\/10\/wuko-img-6.png 1049w, https:\/\/udraznianiekamerowanie.pl\/wp-content\/uploads\/2023\/10\/wuko-img-6-300x30.png 300w, https:\/\/udraznianiekamerowanie.pl\/wp-content\/uploads\/2023\/10\/wuko-img-6-1024x102.png 1024w, https:\/\/udraznianiekamerowanie.pl\/wp-content\/uploads\/2023\/10\/wuko-img-6-768x77.png 768w\" sizes=\"(max-width: 1049px) 100vw, 1049px\" \/>\t\t\t\t\t\t\t\t\t\t\t<style id=\"core-4509f98-core-block-supports-inline-css\"><\/style>\t\t\t\t<\/div>\n\t\t\t\t<\/div>\n\t\t\t\t<div class=\"elementor-element elementor-element-79fc38d elementor-widget elementor-widget-text-editor\" data-id=\"79fc38d\" data-element_type=\"widget\" data-widget_type=\"text-editor.default\">\n\t\t\t\t<div class=\"elementor-widget-container\">\n\t\t\t\t\t\t\t\t\t<p>Jeste\u015bmy w stanie szybko interweniowa\u0107 w Rzeszowie, Przemy\u015blu, Jaros\u0142awiu, Sanoku, Krosno, Jas\u0142o, Ropczyce, Ustrzyki Dolne, Lesko, Lubacz\u00f3w, Solina, Dyn\u00f3w, \u0141a\u0144cut, Przeworsk, i wszystkie pobliskie wsie i miejscowo\u015bci.<\/p>\t\t\t\t<style id=\"core-79fc38d-core-block-supports-inline-css\"><\/style>\t\t\t\t<\/div>\n\t\t\t\t<\/div>\n\t\t\t\t<div class=\"elementor-element elementor-element-a116259 elementor-align-justify elementor-widget__width-initial elementor-widget elementor-widget-button\" data-id=\"a116259\" data-element_type=\"widget\" data-widget_type=\"button.default\">\n\t\t\t\t<div class=\"elementor-widget-container\">\n\t\t\t\t\t\t\t\t\t<div class=\"elementor-button-wrapper\">\n\t\t\t\t\t<a class=\"elementor-button elementor-button-link elementor-size-sm\" href=\"#\">\n\t\t\t\t\t\t<span class=\"elementor-button-content-wrapper\">\n\t\t\t\t\t\t\t\t\t<span class=\"elementor-button-text\">KONTAKT<\/span>\n\t\t\t\t\t<\/span>\n\t\t\t\t\t<\/a>\n\t\t\t\t<\/div>\n\t\t\t\t<style id=\"core-a116259-core-block-supports-inline-css\"><\/style>\t\t\t\t<\/div>\n\t\t\t\t<\/div>\n\t\t\t\t\t<\/div>\n\t\t\t\t<\/div>\n\t\t\t\t<\/div>\n\t\t\t\t<\/div>\n\t\t","protected":false},"excerpt":{"rendered":"<p>Pracujemy 24 godz.\/dob\u0119 i 7 dni w tygodniu! GWARANTUJEMY NATYCHMIASTOW\u0104 POMOC! +48 660 787 871 OFERTA Przepychamy i oczyszczamy instalacje odp\u0142ywowe i kanalizacyjne urz\u0105dzeniem WUKO metod\u0105 hydrodynamiczn\u0105 i mechanicznie spr\u0119\u017cynami z zastosowaniem specjalistycznych ko\u0144c\u00f3wek (posiadamy specjalne ko\u0144c\u00f3wki i nasadki, kt\u00f3re dok\u0142adnie czyszcz\u0105 rury po ich \u015bciankach). INSTALACJE ODP\u0141YWOWE I KANALIZACYJNE Przepychamy i oczyszczamy instalacje odp\u0142ywowe [&hellip;]<\/p>\n","protected":false},"author":1,"featured_media":0,"parent":0,"menu_order":0,"comment_status":"closed","ping_status":"closed","template":"","meta":{"footnotes":""},"class_list":["post-7","page","type-page","status-publish","hentry"],"blocksy_meta":{"has_hero_section":"disabled"},"_links":{"self":[{"href":"https:\/\/udraznianiekamerowanie.pl\/index.php\/wp-json\/wp\/v2\/pages\/7","targetHints":{"allow":["GET"]}}],"collection":[{"href":"https:\/\/udraznianiekamerowanie.pl\/index.php\/wp-json\/wp\/v2\/pages"}],"about":[{"href":"https:\/\/udraznianiekamerowanie.pl\/index.php\/wp-json\/wp\/v2\/types\/page"}],"author":[{"embeddable":true,"href":"https:\/\/udraznianiekamerowanie.pl\/index.php\/wp-json\/wp\/v2\/users\/1"}],"replies":[{"embeddable":true,"href":"https:\/\/udraznianiekamerowanie.pl\/index.php\/wp-json\/wp\/v2\/comments?post=7"}],"version-history":[{"count":94,"href":"https:\/\/udraznianiekamerowanie.pl\/index.php\/wp-json\/wp\/v2\/pages\/7\/revisions"}],"predecessor-version":[{"id":170,"href":"https:\/\/udraznianiekamerowanie.pl\/index.php\/wp-json\/wp\/v2\/pages\/7\/revisions\/170"}],"wp:attachment":[{"href":"https:\/\/udraznianiekamerowanie.pl\/index.php\/wp-json\/wp\/v2\/media?parent=7"}],"curies":[{"name":"wp","href":"https:\/\/api.w.org\/{rel}","templated":true}]}}